{"id":66,"date":"2021-04-16T18:16:05","date_gmt":"2021-04-16T18:16:05","guid":{"rendered":"http:\/\/localhost:85\/?page_id=66"},"modified":"2025-12-29T14:56:33","modified_gmt":"2025-12-29T13:56:33","slug":"get-to-know-alsace","status":"publish","type":"page","link":"https:\/\/strasbourg.theelthub.com\/fr\/get-to-know-alsace\/","title":{"rendered":"La R\u00e9gion"},"content":{"rendered":"<div class=\"wp-block-group carousel-head-pages has-global-padding is-layout-constrained wp-container-core-group-is-layout-8dd13e6d wp-block-group-is-layout-constrained\" style=\"padding-right:var(--wp--preset--spacing--60);padding-left:var(--wp--preset--spacing--60)\">\n<div class=\"wp-block-gutsliders-photo-carousel gutslider-2a1dd7bd nav_outside nav_cc has__pagination\" data-swiper-options=\"{&quot;slidesPerView&quot;:1,&quot;spaceBetween&quot;:0,&quot;loop&quot;:true,&quot;autoplay&quot;:{&quot;delay&quot;:1000,&quot;pauseOnMouseEnter&quot;:true,&quot;stopOnLastSlide&quot;:false,&quot;reverseDirection&quot;:false},&quot;speed&quot;:800,&quot;effect&quot;:&quot;slide&quot;,&quot;keyboard&quot;:{&quot;enabled&quot;:false},&quot;mousewheel&quot;:false,&quot;breakpoints&quot;:{&quot;320&quot;:{&quot;slidesPerView&quot;:1,&quot;spaceBetween&quot;:0},&quot;768&quot;:{&quot;slidesPerView&quot;:2,&quot;spaceBetween&quot;:15},&quot;1025&quot;:{&quot;slidesPerView&quot;:&quot;1&quot;,&quot;spaceBetween&quot;:15}},&quot;navigation&quot;:{&quot;nextEl&quot;:&quot;.gutslider-2a1dd7bd .swiper-button-next&quot;,&quot;prevEl&quot;:&quot;.gutslider-2a1dd7bd .swiper-button-prev&quot;},&quot;pagination&quot;:{&quot;el&quot;:&quot;.gutslider-2a1dd7bd .swiper-pagination&quot;,&quot;type&quot;:&quot;bullets&quot;,&quot;dynamicBullets&quot;:false,&quot;clickable&quot;:true}}\"><div class=\"swiper\"><div class=\"swiper-wrapper\"><div class=\"swiper-slide\"><div class=\"swiper-container-outer none\"><img decoding=\"async\" src=\"http:\/\/strasbourg.theelthub.com\/wp-content\/uploads\/sites\/2\/2025\/09\/stras-featured7.jpg\" alt=\"Strasbourg\"\/><\/div><\/div><div class=\"swiper-slide\"><div class=\"swiper-container-outer none\"><img decoding=\"async\" src=\"http:\/\/strasbourg.theelthub.com\/wp-content\/uploads\/sites\/2\/2025\/09\/stras-featured2.jpg\" alt=\"Strasbourg\"\/><\/div><\/div><div class=\"swiper-slide\"><div class=\"swiper-container-outer none\"><img decoding=\"async\" src=\"http:\/\/strasbourg.theelthub.com\/wp-content\/uploads\/sites\/2\/2025\/09\/stras-featured3.jpg\" alt=\"Strasbourg\"\/><\/div><\/div><div class=\"swiper-slide\"><div class=\"swiper-container-outer none\"><img decoding=\"async\" src=\"http:\/\/strasbourg.theelthub.com\/wp-content\/uploads\/sites\/2\/2025\/09\/stras-featured1.jpg\" alt=\"Strasbourg\"\/><\/div><\/div><div class=\"swiper-slide\"><div class=\"swiper-container-outer none\"><img decoding=\"async\" src=\"http:\/\/strasbourg.theelthub.com\/wp-content\/uploads\/sites\/2\/2025\/09\/stras-featured4.jpg\" alt=\"Strasbourg\"\/><\/div><\/div><div class=\"swiper-slide\"><div class=\"swiper-container-outer none\"><img decoding=\"async\" src=\"http:\/\/strasbourg.theelthub.com\/wp-content\/uploads\/sites\/2\/2025\/09\/stras-featured5.jpg\" alt=\"Strasbourg\"\/><\/div><\/div><div class=\"swiper-slide\"><div class=\"swiper-container-outer none\"><img decoding=\"async\" src=\"http:\/\/strasbourg.theelthub.com\/wp-content\/uploads\/sites\/2\/2025\/09\/stras-featured6.jpg\" alt=\"Strasbourg\"\/><\/div><\/div><\/div><\/div><div class=\"swiper-pagination\"><\/div><div class=\"gutslider-nav nav_outside nav_cc\"><div class=\"swiper-button-prev\"><\/div><div class=\"swiper-button-next\"><\/div><\/div><\/div>\n<\/div>\n\n\n\n<h1 class=\"wp-block-heading has-text-align-center\" style=\"margin-top:var(--wp--preset--spacing--60);margin-bottom:var(--wp--preset--spacing--50)\">D\u00e9couvrez l\u2019Alsace<\/h1>\n\n\n\n<p><strong><strong>Le charme de l\u2019Europe traditionnelle et l\u2019innovation politique europ\u00e9enne au m\u00eame endroit<\/strong><\/strong><\/p>\n\n\n\n<p>D\u00e9couvrez une r\u00e9gion riche en traditions, gastronomie et histoire, avec l\u2019authenticit\u00e9 de l\u2019Europe d\u2019antan et des villes qui ont conserv\u00e9 leur charme humain ; comme Strasbourg, une ville magnifique : alliant le charme de l\u2019Alsace historique et un r\u00f4le majeur au XXIe si\u00e8cle.<\/p>\n\n\n\n<p>Strasbourg est la capitale de l\u2019Europe. Elle abrite le Parlement europ\u00e9en, l\u2019Institut international des droits de l\u2019homme, le Conseil de l\u2019Europe et le Centre d\u2019\u00e9tudes europ\u00e9ennes. Elle est consid\u00e9r\u00e9e comme la capitale l\u00e9gislative et d\u00e9mocratique de l\u2019Union europ\u00e9enne.<\/p>\n\n\n\n<figure class=\"wp-block-image size-large\"><img decoding=\"async\" src=\"http:\/\/www.theelthub.com\/wp-content\/uploads\/2021\/04\/strasbourgregion1.jpg\" alt=\"\" class=\"wp-image-133\"\/><\/figure>\n\n\n\n<p><strong><strong>Go\u00fbtez aux vins alsaciens\u2026<\/strong><\/strong><\/p>\n\n\n\n<p>Parcourez la Route des Vins, au sud de Strasbourg, et, en traversant les villages producteurs de certains des meilleurs vins blancs d\u2019Europe, faites une halte dans les vignobles pour d\u00e9guster du Pinot Gris, du Gewurztraminer, de l\u2019Edelzwicker ou du Riesling.<\/p>\n\n\n\n<figure class=\"wp-block-image size-large\"><img decoding=\"async\" src=\"http:\/\/www.theelthub.com\/wp-content\/uploads\/2021\/04\/strasbourgregion2.jpg\" alt=\"\" class=\"wp-image-134\"\/><\/figure>\n\n\n\n<p><strong><strong>Promenez-vous en bateau\u2026<\/strong><\/strong><\/p>\n\n\n\n<p>La meilleure fa\u00e7on de d\u00e9couvrir Strasbourg est sans aucun doute depuis ses rivi\u00e8res. Louez un cano\u00eb pour la journ\u00e9e et laissez-vous porter par la rivi\u00e8re Ill, tout en admirant les paysages\u2026<\/p>\n\n\n\n<figure class=\"wp-block-image size-large\"><img decoding=\"async\" src=\"http:\/\/www.theelthub.com\/wp-content\/uploads\/2021\/04\/strasbourgregion3.jpg\" alt=\"\" class=\"wp-image-135\"\/><\/figure>\n\n\n\n<p><strong><strong>Visitez des sites historiques exceptionnels\u2026<\/strong><\/strong><\/p>\n\n\n\n<p>Plongez dans les profondeurs de la terre et d\u00e9couvrez le labyrinthe de tunnels de la Ligne Maginot, ces fortifications construites entre les deux guerres sur des centaines de kilom\u00e8tres.<\/p>\n\n\n\n<p>Visitez le seul camp de concentration cr\u00e9\u00e9 par les nazis en France, \u00e0 Struthof, aujourd\u2019hui monument historique.<\/p>\n\n\n\n<p>Pour une visite plus l\u00e9g\u00e8re, d\u00e9couvrez le ch\u00e2teau du Haut-Koenigsbourg, une forteresse m\u00e9di\u00e9vale construite au XIXe si\u00e8cle par les rois de Prusse.<\/p>\n\n\n\n<p>Si vous \u00eates passionn\u00e9 d\u2019automobiles, le mus\u00e9e de l\u2019Automobile de Mulhouse est un incontournable.<\/p>\n\n\n\n<p>Vous aimez les villages pittoresques et leurs traditions ? Alors venez en juillet \u00e0 Seebach pour la \u00ab Streisselhochzeit \u00bb, la f\u00eate des mariages collectifs.<\/p>\n\n\n\n<p>Et en d\u00e9cembre, venez \u00e0 Wissembourg pour le d\u00e9fil\u00e9 traditionnel du redoutable baron \u00ab Hans Trapp \u00bb !<\/p>\n\n\n\n<figure class=\"wp-block-image size-large\"><img decoding=\"async\" src=\"http:\/\/www.theelthub.com\/wp-content\/uploads\/2021\/04\/strasbourgregion4.jpg\" alt=\"\" class=\"wp-image-136\"\/><\/figure>\n\n\n\n<p><strong><strong>Promenez-vous en pleine nature\u2026<\/strong><\/strong><\/p>\n\n\n\n<p>L\u2019Alsace est \u00e9galement l\u2019une des r\u00e9gions les plus bois\u00e9es de France. Parcourez ses sentiers de randonn\u00e9e et d\u00e9couvrez des sites exceptionnels, avec des ruines \u00e9tonnantes cach\u00e9es au c\u0153ur des for\u00eats\u2026<\/p>","protected":false},"excerpt":{"rendered":"<p>Get to know Alsace The \u2018Old Continent\u2019 and European political innovation in one place Discover an area of tradition, gastronomy and history, with the authenticity of \u201cold Europe\u201d and cities that have retained their human dimension; cities like Strasbourg, a beautiful city: with the charm of old Alsace, but which also has a 21st century [&hellip;]<\/p>\n","protected":false},"author":1,"featured_media":0,"parent":0,"menu_order":3,"comment_status":"closed","ping_status":"closed","template":"template-page","meta":{"footnotes":""},"class_list":["post-66","page","type-page","status-publish","hentry"],"_links":{"self":[{"href":"https:\/\/strasbourg.theelthub.com\/fr\/wp-json\/wp\/v2\/pages\/66","targetHints":{"allow":["GET"]}}],"collection":[{"href":"https:\/\/strasbourg.theelthub.com\/fr\/wp-json\/wp\/v2\/pages"}],"about":[{"href":"https:\/\/strasbourg.theelthub.com\/fr\/wp-json\/wp\/v2\/types\/page"}],"author":[{"embeddable":true,"href":"https:\/\/strasbourg.theelthub.com\/fr\/wp-json\/wp\/v2\/users\/1"}],"replies":[{"embeddable":true,"href":"https:\/\/strasbourg.theelthub.com\/fr\/wp-json\/wp\/v2\/comments?post=66"}],"version-history":[{"count":6,"href":"https:\/\/strasbourg.theelthub.com\/fr\/wp-json\/wp\/v2\/pages\/66\/revisions"}],"predecessor-version":[{"id":1941,"href":"https:\/\/strasbourg.theelthub.com\/fr\/wp-json\/wp\/v2\/pages\/66\/revisions\/1941"}],"wp:attachment":[{"href":"https:\/\/strasbourg.theelthub.com\/fr\/wp-json\/wp\/v2\/media?parent=66"}],"curies":[{"name":"wp","href":"https:\/\/api.w.org\/{rel}","templated":true}]}}