{"id":63,"date":"2021-04-16T18:12:43","date_gmt":"2021-04-16T18:12:43","guid":{"rendered":"http:\/\/localhost:85\/?page_id=63"},"modified":"2025-12-29T14:48:34","modified_gmt":"2025-12-29T13:48:34","slug":"accommodation-in-the-strasbourg-area","status":"publish","type":"page","link":"https:\/\/strasbourg.theelthub.com\/fr\/accommodation-in-the-strasbourg-area\/","title":{"rendered":"Accommodation"},"content":{"rendered":"<div class=\"wp-block-group carousel-head-pages has-global-padding is-layout-constrained wp-container-core-group-is-layout-caa2d89a wp-block-group-is-layout-constrained\" style=\"padding-right:var(--wp--preset--spacing--80);padding-left:var(--wp--preset--spacing--80)\">\n<div class=\"wp-block-gutsliders-photo-carousel gutslider-f3c141e4 nav_outside nav_cc has__pagination\" data-swiper-options=\"{&quot;slidesPerView&quot;:1,&quot;spaceBetween&quot;:0,&quot;loop&quot;:true,&quot;autoplay&quot;:{&quot;delay&quot;:1000,&quot;pauseOnMouseEnter&quot;:true,&quot;stopOnLastSlide&quot;:false,&quot;reverseDirection&quot;:false},&quot;speed&quot;:800,&quot;effect&quot;:&quot;slide&quot;,&quot;keyboard&quot;:{&quot;enabled&quot;:false},&quot;mousewheel&quot;:false,&quot;breakpoints&quot;:{&quot;320&quot;:{&quot;slidesPerView&quot;:1,&quot;spaceBetween&quot;:0},&quot;768&quot;:{&quot;slidesPerView&quot;:2,&quot;spaceBetween&quot;:15},&quot;1025&quot;:{&quot;slidesPerView&quot;:&quot;1&quot;,&quot;spaceBetween&quot;:15}},&quot;navigation&quot;:{&quot;nextEl&quot;:&quot;.gutslider-f3c141e4 .swiper-button-next&quot;,&quot;prevEl&quot;:&quot;.gutslider-f3c141e4 .swiper-button-prev&quot;},&quot;pagination&quot;:{&quot;el&quot;:&quot;.gutslider-f3c141e4 .swiper-pagination&quot;,&quot;type&quot;:&quot;bullets&quot;,&quot;dynamicBullets&quot;:false,&quot;clickable&quot;:true}}\"><div class=\"swiper\"><div class=\"swiper-wrapper\"><div class=\"swiper-slide\"><div class=\"swiper-container-outer none\"><img decoding=\"async\" src=\"http:\/\/strasbourg.theelthub.com\/wp-content\/uploads\/sites\/2\/2025\/09\/strasbourg-accomodation6.jpg\" alt=\"Strasbourg accomodation\"\/><\/div><\/div><div class=\"swiper-slide\"><div class=\"swiper-container-outer none\"><img decoding=\"async\" src=\"http:\/\/strasbourg.theelthub.com\/wp-content\/uploads\/sites\/2\/2025\/09\/strasbourg-accomodation5.jpg\" alt=\"Strasbourg accomodation\"\/><\/div><\/div><div class=\"swiper-slide\"><div class=\"swiper-container-outer none\"><img decoding=\"async\" src=\"http:\/\/strasbourg.theelthub.com\/wp-content\/uploads\/sites\/2\/2025\/09\/strasbourg-accomodation4.jpg\" alt=\"Strasbourg accomodation\"\/><\/div><\/div><div class=\"swiper-slide\"><div class=\"swiper-container-outer none\"><img decoding=\"async\" src=\"http:\/\/strasbourg.theelthub.com\/wp-content\/uploads\/sites\/2\/2025\/09\/strasbourg-accomodation3.jpg\" alt=\"Strasbourg accomodation\"\/><\/div><\/div><div class=\"swiper-slide\"><div class=\"swiper-container-outer none\"><img decoding=\"async\" src=\"http:\/\/strasbourg.theelthub.com\/wp-content\/uploads\/sites\/2\/2025\/09\/strasbourg-accomodation2.jpg\" alt=\"Strasbourg accomodation\"\/><\/div><\/div><div class=\"swiper-slide\"><div class=\"swiper-container-outer none\"><img decoding=\"async\" src=\"http:\/\/strasbourg.theelthub.com\/wp-content\/uploads\/sites\/2\/2025\/09\/strasbourg-accomodation1.jpg\" alt=\"Strasbourg accomodation\"\/><\/div><\/div><\/div><\/div><div class=\"swiper-pagination\"><\/div><div class=\"gutslider-nav nav_outside nav_cc\"><div class=\"swiper-button-prev\"><\/div><div class=\"swiper-button-next\"><\/div><\/div><\/div>\n<\/div>\n\n\n\n<h1 class=\"wp-block-heading has-text-align-center\" style=\"margin-top:var(--wp--preset--spacing--60);margin-bottom:var(--wp--preset--spacing--50)\">H\u00e9bergements<\/h1>\n\n\n\n<p><strong><strong>Conseils pour votre s\u00e9jour :<\/strong><\/strong><\/p>\n\n\n\n<p>Strasbourg est une ville tr\u00e8s agr\u00e9able \u00e0 vivre gr\u00e2ce \u00e0 son excellent r\u00e9seau de tramways \u00e9lectriques et \u00e0 son service ferroviaire r\u00e9gional performant. Elle est \u00e9galement r\u00e9put\u00e9e en France pour \u00eatre tr\u00e8s \u00ab v\u00e9li-compatible \u00bb et, en \u00e9t\u00e9, elle \u00e9voque \u00e0 mes yeux l\u2019image de Shanghai avant l\u2019arriv\u00e9e des voitures ! Vous pouvez embarquer votre v\u00e9lo dans le tram et en louer un (avec panier) \u00e0 prix tr\u00e8s avantageux chez \u00ab Velhop \u00bb. Je recommande vivement ce moyen de transport pour se d\u00e9placer facilement.<\/p>\n\n\n\n<p>Je connais personnellement tous nos h\u00f4tes. Bien que vous puissiez penser que vous pr\u00e9f\u00e9rez \u00eatre seul(e) pendant votre formation CELTA, il est en r\u00e9alit\u00e9 tr\u00e8s utile d\u2019avoir quelqu\u2019un \u00e0 qui parler, surtout en cas de probl\u00e8me. D\u2019apr\u00e8s mon exp\u00e9rience, ce sont les participants qui ont choisi de s\u00e9journer chez l\u2019habitant qui ont le mieux g\u00e9r\u00e9 les difficult\u00e9s.<\/p>\n\n\n\n<p>Nous proposons diff\u00e9rents types de logements chez l\u2019habitant pour la dur\u00e9e de votre formation CELTA. Vous aurez toujours votre propre chambre, acc\u00e8s \u00e0 la cuisine et au Wi-Fi. Le prix est g\u00e9n\u00e9ralement compris entre 400 \u20ac et 450 \u20ac pour les quatre semaines.<\/p>\n\n\n\n<p><strong>Pour vous donner une id\u00e9e des logements :<\/strong><\/p>\n\n\n\n<p>Nous proposons \u00e9galement des chambres ou des studios ind\u00e9pendants dans de charmantes maisons alsaciennes aux portes de Strasbourg. Il peut s\u2019agir d\u2019\u00e9tables am\u00e9nag\u00e9es, de fermes ou de maisons de campagne.<\/p>\n\n\n\n<p>Nous veillons \u00e0 ce que ces logements soient situ\u00e9s \u00e0 proximit\u00e9 d\u2019une ligne de train ou de bus directe vers le centre-ville. Le trajet dure g\u00e9n\u00e9ralement 20 minutes.<\/p>\n\n\n\n<p>Le prix d\u2019un studio ind\u00e9pendant est g\u00e9n\u00e9ralement compris entre 500 \u20ac et 600 \u20ac pour les quatre semaines. Nous faisons notre possible pour r\u00e9pondre au mieux \u00e0 vos besoins. La gentillesse et l\u2019accueil de nos h\u00f4tes contribuent \u00e0 r\u00e9duire le stress et rendent votre s\u00e9jour \u00e0 Strasbourg tr\u00e8s agr\u00e9able.<\/p>","protected":false},"excerpt":{"rendered":"<p>Accommodations Tips for your stay : Strasbourg functions very well thanks to an amazing network of electric trams and efficient suburban rail service. It is also famous in France for being very \u2018bike friendly\u2019 and in the summer it resembles what I imagine Shanghai used to look like before they discovered cars! You can put [&hellip;]<\/p>\n","protected":false},"author":1,"featured_media":0,"parent":0,"menu_order":2,"comment_status":"closed","ping_status":"closed","template":"template-page_no_title","meta":{"footnotes":""},"class_list":["post-63","page","type-page","status-publish","hentry"],"_links":{"self":[{"href":"https:\/\/strasbourg.theelthub.com\/fr\/wp-json\/wp\/v2\/pages\/63","targetHints":{"allow":["GET"]}}],"collection":[{"href":"https:\/\/strasbourg.theelthub.com\/fr\/wp-json\/wp\/v2\/pages"}],"about":[{"href":"https:\/\/strasbourg.theelthub.com\/fr\/wp-json\/wp\/v2\/types\/page"}],"author":[{"embeddable":true,"href":"https:\/\/strasbourg.theelthub.com\/fr\/wp-json\/wp\/v2\/users\/1"}],"replies":[{"embeddable":true,"href":"https:\/\/strasbourg.theelthub.com\/fr\/wp-json\/wp\/v2\/comments?post=63"}],"version-history":[{"count":9,"href":"https:\/\/strasbourg.theelthub.com\/fr\/wp-json\/wp\/v2\/pages\/63\/revisions"}],"predecessor-version":[{"id":1938,"href":"https:\/\/strasbourg.theelthub.com\/fr\/wp-json\/wp\/v2\/pages\/63\/revisions\/1938"}],"wp:attachment":[{"href":"https:\/\/strasbourg.theelthub.com\/fr\/wp-json\/wp\/v2\/media?parent=63"}],"curies":[{"name":"wp","href":"https:\/\/api.w.org\/{rel}","templated":true}]}}