{"id":1727,"date":"2025-09-16T17:53:27","date_gmt":"2025-09-16T15:53:27","guid":{"rendered":"https:\/\/strasbourg.theelthub.com\/?page_id=1727"},"modified":"2025-12-29T14:40:54","modified_gmt":"2025-12-29T13:40:54","slug":"elt-strasbourg","status":"publish","type":"page","link":"https:\/\/strasbourg.theelthub.com\/fr\/","title":{"rendered":"The ELT Hub Strasbourg"},"content":{"rendered":"<div class=\"wp-block-group carousel-head-pages has-global-padding is-layout-constrained wp-container-core-group-is-layout-8dd13e6d wp-block-group-is-layout-constrained\" style=\"padding-right:var(--wp--preset--spacing--60);padding-left:var(--wp--preset--spacing--60)\">\n<div class=\"wp-block-gutsliders-photo-carousel gutslider-2a1dd7bd nav_outside nav_cc has__pagination\" data-swiper-options=\"{&quot;slidesPerView&quot;:1,&quot;spaceBetween&quot;:0,&quot;loop&quot;:true,&quot;autoplay&quot;:{&quot;delay&quot;:1000,&quot;pauseOnMouseEnter&quot;:true,&quot;stopOnLastSlide&quot;:false,&quot;reverseDirection&quot;:false},&quot;speed&quot;:800,&quot;effect&quot;:&quot;slide&quot;,&quot;keyboard&quot;:{&quot;enabled&quot;:false},&quot;mousewheel&quot;:false,&quot;breakpoints&quot;:{&quot;320&quot;:{&quot;slidesPerView&quot;:1,&quot;spaceBetween&quot;:0},&quot;768&quot;:{&quot;slidesPerView&quot;:2,&quot;spaceBetween&quot;:15},&quot;1025&quot;:{&quot;slidesPerView&quot;:&quot;1&quot;,&quot;spaceBetween&quot;:15}},&quot;navigation&quot;:{&quot;nextEl&quot;:&quot;.gutslider-2a1dd7bd .swiper-button-next&quot;,&quot;prevEl&quot;:&quot;.gutslider-2a1dd7bd .swiper-button-prev&quot;},&quot;pagination&quot;:{&quot;el&quot;:&quot;.gutslider-2a1dd7bd .swiper-pagination&quot;,&quot;type&quot;:&quot;bullets&quot;,&quot;dynamicBullets&quot;:false,&quot;clickable&quot;:true}}\"><div class=\"swiper\"><div class=\"swiper-wrapper\"><div class=\"swiper-slide\"><div class=\"swiper-container-outer none\"><img decoding=\"async\" src=\"http:\/\/strasbourg.theelthub.com\/wp-content\/uploads\/sites\/2\/2025\/09\/stras-featured7.jpg\" alt=\"Strasbourg\"\/><\/div><\/div><div class=\"swiper-slide\"><div class=\"swiper-container-outer none\"><img decoding=\"async\" src=\"http:\/\/strasbourg.theelthub.com\/wp-content\/uploads\/sites\/2\/2025\/09\/stras-featured2.jpg\" alt=\"Strasbourg\"\/><\/div><\/div><div class=\"swiper-slide\"><div class=\"swiper-container-outer none\"><img decoding=\"async\" src=\"http:\/\/strasbourg.theelthub.com\/wp-content\/uploads\/sites\/2\/2025\/09\/stras-featured3.jpg\" alt=\"Strasbourg\"\/><\/div><\/div><div class=\"swiper-slide\"><div class=\"swiper-container-outer none\"><img decoding=\"async\" src=\"http:\/\/strasbourg.theelthub.com\/wp-content\/uploads\/sites\/2\/2025\/09\/stras-featured1.jpg\" alt=\"Strasbourg\"\/><\/div><\/div><div class=\"swiper-slide\"><div class=\"swiper-container-outer none\"><img decoding=\"async\" src=\"http:\/\/strasbourg.theelthub.com\/wp-content\/uploads\/sites\/2\/2025\/09\/stras-featured4.jpg\" alt=\"Strasbourg\"\/><\/div><\/div><div class=\"swiper-slide\"><div class=\"swiper-container-outer none\"><img decoding=\"async\" src=\"http:\/\/strasbourg.theelthub.com\/wp-content\/uploads\/sites\/2\/2025\/09\/stras-featured5.jpg\" alt=\"Strasbourg\"\/><\/div><\/div><div class=\"swiper-slide\"><div class=\"swiper-container-outer none\"><img decoding=\"async\" src=\"http:\/\/strasbourg.theelthub.com\/wp-content\/uploads\/sites\/2\/2025\/09\/stras-featured6.jpg\" alt=\"Strasbourg\"\/><\/div><\/div><\/div><\/div><div class=\"swiper-pagination\"><\/div><div class=\"gutslider-nav nav_outside nav_cc\"><div class=\"swiper-button-prev\"><\/div><div class=\"swiper-button-next\"><\/div><\/div><\/div>\n<\/div>\n\n\n\n<h1 class=\"wp-block-heading has-text-align-center\" style=\"margin-top:var(--wp--preset--spacing--60);margin-bottom:var(--wp--preset--spacing--50)\">The ELT Hub Strasbourg<\/h1>\n\n\n\n<div class=\"wp-block-columns is-layout-flex wp-container-core-columns-is-layout-28f84493 wp-block-columns-is-layout-flex\">\n<div class=\"wp-block-column is-layout-flow wp-block-column-is-layout-flow\">\n<p>Si vous souhaitez obtenir une qualification en TEFL en Europe, Strasbourg est l\u2019endroit id\u00e9al pour le faire. Nous sommes situ\u00e9s au carrefour de l\u2019Europe, \u00e0 la fronti\u00e8re entre la France et l\u2019Allemagne, et les candidats qui viennent ici faire leur <a href=\"\/celta\/\" data-type=\"URL\" data-id=\"\/celta\/\">CELTA<\/a> (Cambridge Certificate in English Teaching to Speakers of Other Languages) trouvent par la suite des emplois int\u00e9ressants et gratifiants dans la r\u00e9gion ou au del\u00e0. Le <a href=\"\/celta\/\" data-type=\"URL\" data-id=\"\/celta\/\">CELTA<\/a> est le nec plus ultra en terme de formation d\u2019enseignant d\u2019anglais, et la qualification la plus r\u00e9put\u00e9e dans le domaine en Europe et \u00e0 l\u2019\u00e9tranger.<\/p>\n\n\n\n<p>Si vous \u00eates r\u00e9cemment dipl\u00f4m\u00e9 ou envisagez un changement de carri\u00e8re, et \u00eates enthousiaste \u00e0 l\u2019id\u00e9e de partager vos comp\u00e9tences en langue anglaise avec un public d\u2019adultes de tous milieux et niveaux, alors pourquoi ne pas venir vous former et travailler en Europe ?<\/p>\n\n\n\n<p>Si vous enseignez d\u00e9j\u00e0 l\u2019anglais, d\u00e9couvrez notre programme DipTESOL \u2013 le dipl\u00f4me de Cambridge pour l\u2019enseignement de l\u2019anglais aux non-anglophones. Nous sommes le seul centre en France \u00e0 proposer les trois modules avec un programme flexible, parfaitement adapt\u00e9 aux emplois du temps charg\u00e9s des enseignants. Le DipTESOL est un cursus de niveau master qui ouvre de nombreuses perspectives de carri\u00e8re et de sp\u00e9cialisation dans l\u2019enseignement de l\u2019anglais. Gr\u00e2ce \u00e0 notre encadrement p\u00e9dagogique personnalis\u00e9, nos taux de r\u00e9ussite sont sup\u00e9rieurs \u00e0 la moyenne nationale.<\/p>\n\n\n\n<p>Si c\u2019est la premi\u00e8re fois que vous venez dans cette r\u00e9gion de France, prenez le temps de la visiter. L\u2019Alsace est une r\u00e9gion de vignobles et de magnifiques for\u00eats o\u00f9 il fait bon vivre. Nous vous aiderons \u00e0 trouver un logement pour votre s\u00e9jour et ferons de notre mieux pour que vous vous sentiez bien accueillis.<\/p>\n<\/div>\n<\/div>","protected":false},"excerpt":{"rendered":"<p>The ELT Hub Strasbourg If you want to qualify in TEFL in Europe then Strasbourg is a great place to do so. We are situated at the crossroads of Europe, on the border between France and Germany, and candidates who come to do their CELTA (the Cambridge Certificate in English Language Teaching to Speakers of [&hellip;]<\/p>\n","protected":false},"author":1,"featured_media":0,"parent":0,"menu_order":0,"comment_status":"closed","ping_status":"closed","template":"template-page_no_title","meta":{"footnotes":""},"class_list":["post-1727","page","type-page","status-publish","hentry"],"_links":{"self":[{"href":"https:\/\/strasbourg.theelthub.com\/fr\/wp-json\/wp\/v2\/pages\/1727","targetHints":{"allow":["GET"]}}],"collection":[{"href":"https:\/\/strasbourg.theelthub.com\/fr\/wp-json\/wp\/v2\/pages"}],"about":[{"href":"https:\/\/strasbourg.theelthub.com\/fr\/wp-json\/wp\/v2\/types\/page"}],"author":[{"embeddable":true,"href":"https:\/\/strasbourg.theelthub.com\/fr\/wp-json\/wp\/v2\/users\/1"}],"replies":[{"embeddable":true,"href":"https:\/\/strasbourg.theelthub.com\/fr\/wp-json\/wp\/v2\/comments?post=1727"}],"version-history":[{"count":16,"href":"https:\/\/strasbourg.theelthub.com\/fr\/wp-json\/wp\/v2\/pages\/1727\/revisions"}],"predecessor-version":[{"id":1932,"href":"https:\/\/strasbourg.theelthub.com\/fr\/wp-json\/wp\/v2\/pages\/1727\/revisions\/1932"}],"wp:attachment":[{"href":"https:\/\/strasbourg.theelthub.com\/fr\/wp-json\/wp\/v2\/media?parent=1727"}],"curies":[{"name":"wp","href":"https:\/\/api.w.org\/{rel}","templated":true}]}}